{"id":18278,"date":"2025-09-25T14:51:14","date_gmt":"2025-09-25T14:51:14","guid":{"rendered":"https:\/\/truffle.shop\/product\/frantoio-natives-olivenoel-extra-3lt\/"},"modified":"2025-09-25T15:09:41","modified_gmt":"2025-09-25T15:09:41","slug":"frantoio-natives-olivenoel-extra-3lt","status":"publish","type":"product","link":"https:\/\/truffle.shop\/de\/produkt\/frantoio-natives-olivenoel-extra-3lt\/","title":{"rendered":"Frantoio Natives Oliven\u00f6l Extra &#8211; 3 lt"},"content":{"rendered":"","protected":false},"excerpt":{"rendered":"<p>Hergestellt aus Gentile di Larino und Leccino-Oliven.<\/p>\n<p>Mittelfruchtig, mit einem Hauch von gr\u00fcnem Gras, gr\u00fcner Tomate und leicht w\u00fcrzigen Noten im Abgang.<\/p>\n<p>18 Monate ab Verpackung<\/p>\n<p>3 lt<\/p>\n<p><a href=\"https:\/\/truffle.shop\/wp-content\/uploads\/2025\/09\/frantoio-3-lt.pdf\" target=\"_blank\" rel=\"noopener\">Datenblatt herunterladen<\/a><\/p>\n<p>&nbsp;<\/p>\n","protected":false},"featured_media":18272,"comment_status":"open","ping_status":"closed","template":"","meta":[],"product_brand":[],"product_cat":[179],"product_tag":[],"class_list":{"0":"post-18278","1":"product","2":"type-product","3":"status-publish","4":"has-post-thumbnail","6":"product_cat-ortuso-de","8":"first","9":"instock","10":"shipping-taxable","11":"product-type-simple"},"_links":{"self":[{"href":"https:\/\/truffle.shop\/de\/wp-json\/wp\/v2\/product\/18278","targetHints":{"allow":["GET"]}}],"collection":[{"href":"https:\/\/truffle.shop\/de\/wp-json\/wp\/v2\/product"}],"about":[{"href":"https:\/\/truffle.shop\/de\/wp-json\/wp\/v2\/types\/product"}],"replies":[{"embeddable":true,"href":"https:\/\/truffle.shop\/de\/wp-json\/wp\/v2\/comments?post=18278"}],"version-history":[{"count":1,"href":"https:\/\/truffle.shop\/de\/wp-json\/wp\/v2\/product\/18278\/revisions"}],"predecessor-version":[{"id":18324,"href":"https:\/\/truffle.shop\/de\/wp-json\/wp\/v2\/product\/18278\/revisions\/18324"}],"wp:featuredmedia":[{"embeddable":true,"href":"https:\/\/truffle.shop\/de\/wp-json\/wp\/v2\/media\/18272"}],"wp:attachment":[{"href":"https:\/\/truffle.shop\/de\/wp-json\/wp\/v2\/media?parent=18278"}],"wp:term":[{"taxonomy":"product_brand","embeddable":true,"href":"https:\/\/truffle.shop\/de\/wp-json\/wp\/v2\/product_brand?post=18278"},{"taxonomy":"product_cat","embeddable":true,"href":"https:\/\/truffle.shop\/de\/wp-json\/wp\/v2\/product_cat?post=18278"},{"taxonomy":"product_tag","embeddable":true,"href":"https:\/\/truffle.shop\/de\/wp-json\/wp\/v2\/product_tag?post=18278"}],"curies":[{"name":"wp","href":"https:\/\/api.w.org\/{rel}","templated":true}]}}