{"id":18259,"date":"2025-09-25T14:46:34","date_gmt":"2025-09-25T14:46:34","guid":{"rendered":"https:\/\/truffle.shop\/product\/frantoio-natives-olivenoel-extra-500-ml\/"},"modified":"2025-09-25T14:46:34","modified_gmt":"2025-09-25T14:46:34","slug":"frantoio-natives-olivenoel-extra-500-ml","status":"publish","type":"product","link":"https:\/\/truffle.shop\/de\/produkt\/frantoio-natives-olivenoel-extra-500-ml\/","title":{"rendered":"Frantoio Natives Oliven\u00f6l Extra &#8211; 500 ml"},"content":{"rendered":"","protected":false},"excerpt":{"rendered":"<p>Hergestellt aus Gentile di Larino und Leccino-Oliven.<\/p>\n<p>Mittelfruchtig, mit einem Hauch von gr\u00fcnem Gras, gr\u00fcner Tomate und leicht w\u00fcrzigen Noten im Abgang.<\/p>\n<p>18 Monate ab Verpackung<\/p>\n<p>500 ml<\/p>\n<p><a href=\"https:\/\/truffle.shop\/wp-content\/uploads\/2025\/09\/frantoio-500-ml.pdf\">Datenblatt herunterladen<\/a><\/p>\n","protected":false},"featured_media":18252,"comment_status":"open","ping_status":"closed","template":"","meta":[],"product_brand":[],"product_cat":[179],"product_tag":[],"class_list":{"0":"post-18259","1":"product","2":"type-product","3":"status-publish","4":"has-post-thumbnail","6":"product_cat-ortuso-de","8":"first","9":"instock","10":"shipping-taxable","11":"product-type-simple"},"_links":{"self":[{"href":"https:\/\/truffle.shop\/de\/wp-json\/wp\/v2\/product\/18259","targetHints":{"allow":["GET"]}}],"collection":[{"href":"https:\/\/truffle.shop\/de\/wp-json\/wp\/v2\/product"}],"about":[{"href":"https:\/\/truffle.shop\/de\/wp-json\/wp\/v2\/types\/product"}],"replies":[{"embeddable":true,"href":"https:\/\/truffle.shop\/de\/wp-json\/wp\/v2\/comments?post=18259"}],"version-history":[{"count":0,"href":"https:\/\/truffle.shop\/de\/wp-json\/wp\/v2\/product\/18259\/revisions"}],"wp:featuredmedia":[{"embeddable":true,"href":"https:\/\/truffle.shop\/de\/wp-json\/wp\/v2\/media\/18252"}],"wp:attachment":[{"href":"https:\/\/truffle.shop\/de\/wp-json\/wp\/v2\/media?parent=18259"}],"wp:term":[{"taxonomy":"product_brand","embeddable":true,"href":"https:\/\/truffle.shop\/de\/wp-json\/wp\/v2\/product_brand?post=18259"},{"taxonomy":"product_cat","embeddable":true,"href":"https:\/\/truffle.shop\/de\/wp-json\/wp\/v2\/product_cat?post=18259"},{"taxonomy":"product_tag","embeddable":true,"href":"https:\/\/truffle.shop\/de\/wp-json\/wp\/v2\/product_tag?post=18259"}],"curies":[{"name":"wp","href":"https:\/\/api.w.org\/{rel}","templated":true}]}}