{"id":18203,"date":"2025-09-25T14:30:17","date_gmt":"2025-09-25T14:30:17","guid":{"rendered":"https:\/\/truffle.shop\/product\/deluxe-rot-evo-oel\/"},"modified":"2025-09-25T14:43:35","modified_gmt":"2025-09-25T14:43:35","slug":"deluxe-rot-evo-oel","status":"publish","type":"product","link":"https:\/\/truffle.shop\/de\/produkt\/deluxe-rot-evo-oel\/","title":{"rendered":"Deluxe Rot EVO \u00d6l &#8211; 500 ml"},"content":{"rendered":"","protected":false},"excerpt":{"rendered":"<p>Hergestellt mit Gentile di Larino-Oliven aus Molise.<\/p>\n<p>Fruchtig, gr\u00fcn, mittlere Intensit\u00e4t. Die Aromen von frischem Gras sind sp\u00fcrbar, mit subtilen Noten von Mandeln und gr\u00fcnen Tomaten.<\/p>\n<p>18 Monate ab Verpackung<\/p>\n<p>&nbsp;<\/p>\n<p>500ml<\/p>\n<p><a href=\"https:\/\/truffle.shop\/wp-content\/uploads\/2025\/09\/Scheda-tecnica-Olio-EVO-Deluxe-rossa-Blend-Gentile-Leccino-ml.-500.pdf\" target=\"_blank\" rel=\"noopener\">Datenblatt herunterladen<\/a><\/p>\n","protected":false},"featured_media":18196,"comment_status":"open","ping_status":"closed","template":"","meta":[],"product_brand":[],"product_cat":[179],"product_tag":[],"class_list":{"0":"post-18203","1":"product","2":"type-product","3":"status-publish","4":"has-post-thumbnail","6":"product_cat-ortuso-de","8":"first","9":"instock","10":"shipping-taxable","11":"product-type-simple"},"_links":{"self":[{"href":"https:\/\/truffle.shop\/de\/wp-json\/wp\/v2\/product\/18203","targetHints":{"allow":["GET"]}}],"collection":[{"href":"https:\/\/truffle.shop\/de\/wp-json\/wp\/v2\/product"}],"about":[{"href":"https:\/\/truffle.shop\/de\/wp-json\/wp\/v2\/types\/product"}],"replies":[{"embeddable":true,"href":"https:\/\/truffle.shop\/de\/wp-json\/wp\/v2\/comments?post=18203"}],"version-history":[{"count":1,"href":"https:\/\/truffle.shop\/de\/wp-json\/wp\/v2\/product\/18203\/revisions"}],"predecessor-version":[{"id":18234,"href":"https:\/\/truffle.shop\/de\/wp-json\/wp\/v2\/product\/18203\/revisions\/18234"}],"wp:featuredmedia":[{"embeddable":true,"href":"https:\/\/truffle.shop\/de\/wp-json\/wp\/v2\/media\/18196"}],"wp:attachment":[{"href":"https:\/\/truffle.shop\/de\/wp-json\/wp\/v2\/media?parent=18203"}],"wp:term":[{"taxonomy":"product_brand","embeddable":true,"href":"https:\/\/truffle.shop\/de\/wp-json\/wp\/v2\/product_brand?post=18203"},{"taxonomy":"product_cat","embeddable":true,"href":"https:\/\/truffle.shop\/de\/wp-json\/wp\/v2\/product_cat?post=18203"},{"taxonomy":"product_tag","embeddable":true,"href":"https:\/\/truffle.shop\/de\/wp-json\/wp\/v2\/product_tag?post=18203"}],"curies":[{"name":"wp","href":"https:\/\/api.w.org\/{rel}","templated":true}]}}