{"id":18186,"date":"2025-09-25T14:20:06","date_gmt":"2025-09-25T14:20:06","guid":{"rendered":"https:\/\/truffle.shop\/product\/evo-deluxe-kupferoel\/"},"modified":"2025-09-25T14:44:25","modified_gmt":"2025-09-25T14:44:25","slug":"evo-deluxe-kupferoel","status":"publish","type":"product","link":"https:\/\/truffle.shop\/de\/produkt\/evo-deluxe-kupferoel\/","title":{"rendered":"EVO Deluxe Kupfer\u00f6l &#8211; 500ml"},"content":{"rendered":"","protected":false},"excerpt":{"rendered":"<p>Hergestellt mit Gentile di Larino-Oliven aus Molise.<\/p>\n<p>Fruchtig, gr\u00fcn, mittlere Intensit\u00e4t. Die Aromen von frischem Gras sind sp\u00fcrbar, mit subtilen Noten von Mandeln und gr\u00fcnen Tomaten.<\/p>\n<p>18 Monate ab Verpackung<\/p>\n<p>&nbsp;<\/p>\n<p>500ml<\/p>\n<p><a href=\"https:\/\/truffle.shop\/wp-content\/uploads\/2025\/09\/Scheda-tecnica-Olio-EVO-Deluxe-DOP-Molise-rame-ml.-500.pdf\" target=\"_blank\" rel=\"noopener\">Datenblatt herunterladen<\/a><\/p>\n","protected":false},"featured_media":18180,"comment_status":"open","ping_status":"closed","template":"","meta":[],"product_brand":[],"product_cat":[179],"product_tag":[],"class_list":{"0":"post-18186","1":"product","2":"type-product","3":"status-publish","4":"has-post-thumbnail","6":"product_cat-ortuso-de","8":"first","9":"instock","10":"shipping-taxable","11":"product-type-simple"},"_links":{"self":[{"href":"https:\/\/truffle.shop\/de\/wp-json\/wp\/v2\/product\/18186","targetHints":{"allow":["GET"]}}],"collection":[{"href":"https:\/\/truffle.shop\/de\/wp-json\/wp\/v2\/product"}],"about":[{"href":"https:\/\/truffle.shop\/de\/wp-json\/wp\/v2\/types\/product"}],"replies":[{"embeddable":true,"href":"https:\/\/truffle.shop\/de\/wp-json\/wp\/v2\/comments?post=18186"}],"version-history":[{"count":2,"href":"https:\/\/truffle.shop\/de\/wp-json\/wp\/v2\/product\/18186\/revisions"}],"predecessor-version":[{"id":18237,"href":"https:\/\/truffle.shop\/de\/wp-json\/wp\/v2\/product\/18186\/revisions\/18237"}],"wp:featuredmedia":[{"embeddable":true,"href":"https:\/\/truffle.shop\/de\/wp-json\/wp\/v2\/media\/18180"}],"wp:attachment":[{"href":"https:\/\/truffle.shop\/de\/wp-json\/wp\/v2\/media?parent=18186"}],"wp:term":[{"taxonomy":"product_brand","embeddable":true,"href":"https:\/\/truffle.shop\/de\/wp-json\/wp\/v2\/product_brand?post=18186"},{"taxonomy":"product_cat","embeddable":true,"href":"https:\/\/truffle.shop\/de\/wp-json\/wp\/v2\/product_cat?post=18186"},{"taxonomy":"product_tag","embeddable":true,"href":"https:\/\/truffle.shop\/de\/wp-json\/wp\/v2\/product_tag?post=18186"}],"curies":[{"name":"wp","href":"https:\/\/api.w.org\/{rel}","templated":true}]}}