{"id":17353,"date":"2023-10-05T14:32:08","date_gmt":"2023-10-05T14:32:08","guid":{"rendered":"http:\/\/truffle.shop\/product\/steinpilz-und-schwarze-sommertrueffelcreme-500gr\/"},"modified":"2024-04-08T13:03:30","modified_gmt":"2024-04-08T13:03:30","slug":"crema-di-porcini-e-tartufo-nero-estivo-500gr","status":"publish","type":"product","link":"https:\/\/truffle.shop\/de\/produkt\/crema-di-porcini-e-tartufo-nero-estivo-500gr\/","title":{"rendered":"Steinpilz- und schwarze Sommertr\u00fcffelcreme"},"content":{"rendered":"","protected":false},"excerpt":{"rendered":"<p><strong>Produktmerkmale<\/strong><br \/>\nSauce aus Steinpilzen, Butter, Erdnuss\u00f6l, Weizenmehl, wei\u00dfem Tr\u00fcffel und Salz.<br \/>\n<strong>N\u00fctzliche Tipps<\/strong><br \/>\nDie wei\u00dfe Tr\u00fcffelcreme kann sowohl bei Zimmertemperatur als auch nach dem Aufw\u00e4rmen verzehrt werden.<br \/>\n<strong>Tipps f\u00fcr den Verbrauch<\/strong><br \/>\nHervorragend geeignet f\u00fcr erste G\u00e4nge mit frischer Pasta (Tortellini, Tortelloni, Crepes usw.), Schnitzel, warme Crostini, Canap\u00e9s und Bruschetta.<br \/>\n<strong>Mindesthaltbarkeit<\/strong><br \/>\n24 Monate ab dem Datum der Herstellung<br \/>\n<strong>Verf\u00fcgbarkeit<\/strong><br \/>\nImmer<br \/>\n<strong>Konservierungsmethoden<\/strong><br \/>\nNach dem \u00d6ffnen des Glases mit \u00d6l bedecken und im K\u00fchlschrank f\u00fcr etwa 20 Tage aufbewahren.<\/p>\n","protected":false},"featured_media":17902,"comment_status":"closed","ping_status":"closed","template":"","meta":[],"product_brand":[],"product_cat":[175],"product_tag":[],"class_list":{"0":"post-17353","1":"product","2":"type-product","3":"status-publish","4":"has-post-thumbnail","6":"product_cat-truffel-cremes","8":"first","9":"instock","10":"shipping-taxable","11":"purchasable","12":"product-type-simple"},"_links":{"self":[{"href":"https:\/\/truffle.shop\/de\/wp-json\/wp\/v2\/product\/17353","targetHints":{"allow":["GET"]}}],"collection":[{"href":"https:\/\/truffle.shop\/de\/wp-json\/wp\/v2\/product"}],"about":[{"href":"https:\/\/truffle.shop\/de\/wp-json\/wp\/v2\/types\/product"}],"replies":[{"embeddable":true,"href":"https:\/\/truffle.shop\/de\/wp-json\/wp\/v2\/comments?post=17353"}],"version-history":[{"count":1,"href":"https:\/\/truffle.shop\/de\/wp-json\/wp\/v2\/product\/17353\/revisions"}],"predecessor-version":[{"id":18120,"href":"https:\/\/truffle.shop\/de\/wp-json\/wp\/v2\/product\/17353\/revisions\/18120"}],"wp:featuredmedia":[{"embeddable":true,"href":"https:\/\/truffle.shop\/de\/wp-json\/wp\/v2\/media\/17902"}],"wp:attachment":[{"href":"https:\/\/truffle.shop\/de\/wp-json\/wp\/v2\/media?parent=17353"}],"wp:term":[{"taxonomy":"product_brand","embeddable":true,"href":"https:\/\/truffle.shop\/de\/wp-json\/wp\/v2\/product_brand?post=17353"},{"taxonomy":"product_cat","embeddable":true,"href":"https:\/\/truffle.shop\/de\/wp-json\/wp\/v2\/product_cat?post=17353"},{"taxonomy":"product_tag","embeddable":true,"href":"https:\/\/truffle.shop\/de\/wp-json\/wp\/v2\/product_tag?post=17353"}],"curies":[{"name":"wp","href":"https:\/\/api.w.org\/{rel}","templated":true}]}}