{"id":17349,"date":"2023-10-05T14:13:45","date_gmt":"2023-10-05T14:13:45","guid":{"rendered":"http:\/\/truffle.shop\/product\/trueffelsosse-mit-schwarzem-sommertrueffel-500gr\/"},"modified":"2024-04-08T13:00:48","modified_gmt":"2024-04-08T13:00:48","slug":"salsa-tartufata-al-tartufo-nero-estivo-500gr","status":"publish","type":"product","link":"https:\/\/truffle.shop\/de\/produkt\/salsa-tartufata-al-tartufo-nero-estivo-500gr\/","title":{"rendered":"Tr\u00fcffelso\u00dfe mit schwarzem Sommertr\u00fcffel &#8211; 500GR"},"content":{"rendered":"","protected":false},"excerpt":{"rendered":"<p><strong>Produktmerkmale<\/strong><br \/>\nDie Tr\u00fcffelsauce besteht aus 5% gemahlener schwarzer Tr\u00fcffel (Tuber aestivum vitt.), nativem Oliven\u00f6l extra, Champignons und schwarzen Oliven.<br \/>\n<strong>N\u00fctzliche Tipps<\/strong><br \/>\nDie Tr\u00fcffel k\u00f6nnen sowohl bei Zimmertemperatur als auch nach dem Aufw\u00e4rmen verzehrt werden; am besten ist es, nur natives Oliven\u00f6l extra hinzuzuf\u00fcgen und einige Minuten zu erhitzen.<br \/>\n<strong>Tipps f\u00fcr den Verbrauch<\/strong><br \/>\nDer Tr\u00fcffel eignet sich hervorragend zum Bestreichen von Bruschetta oder Crostini, als Beilage zu ersten G\u00e4ngen, als F\u00fcllung f\u00fcr gef\u00fcllte Pasta oder zu zweiten Fleischgerichten.<br \/>\n<strong>Mindesthaltbarkeit<\/strong><br \/>\n24 Monate ab dem Datum der Herstellung<br \/>\n<strong>Verf\u00fcgbarkeit<\/strong><br \/>\nImmer<br \/>\n<strong>Konservierungsmethoden<\/strong><br \/>\nNach dem \u00d6ffnen des Glases mit \u00d6l bedecken und im K\u00fchlschrank f\u00fcr etwa 20 Tage aufbewahren.<\/p>\n","protected":false},"featured_media":17920,"comment_status":"closed","ping_status":"closed","template":"","meta":[],"product_brand":[],"product_cat":[166],"product_tag":[],"class_list":{"0":"post-17349","1":"product","2":"type-product","3":"status-publish","4":"has-post-thumbnail","6":"product_cat-truffel-saucen","8":"first","9":"instock","10":"shipping-taxable","11":"purchasable","12":"product-type-simple"},"_links":{"self":[{"href":"https:\/\/truffle.shop\/de\/wp-json\/wp\/v2\/product\/17349","targetHints":{"allow":["GET"]}}],"collection":[{"href":"https:\/\/truffle.shop\/de\/wp-json\/wp\/v2\/product"}],"about":[{"href":"https:\/\/truffle.shop\/de\/wp-json\/wp\/v2\/types\/product"}],"replies":[{"embeddable":true,"href":"https:\/\/truffle.shop\/de\/wp-json\/wp\/v2\/comments?post=17349"}],"version-history":[{"count":1,"href":"https:\/\/truffle.shop\/de\/wp-json\/wp\/v2\/product\/17349\/revisions"}],"predecessor-version":[{"id":18102,"href":"https:\/\/truffle.shop\/de\/wp-json\/wp\/v2\/product\/17349\/revisions\/18102"}],"wp:featuredmedia":[{"embeddable":true,"href":"https:\/\/truffle.shop\/de\/wp-json\/wp\/v2\/media\/17920"}],"wp:attachment":[{"href":"https:\/\/truffle.shop\/de\/wp-json\/wp\/v2\/media?parent=17349"}],"wp:term":[{"taxonomy":"product_brand","embeddable":true,"href":"https:\/\/truffle.shop\/de\/wp-json\/wp\/v2\/product_brand?post=17349"},{"taxonomy":"product_cat","embeddable":true,"href":"https:\/\/truffle.shop\/de\/wp-json\/wp\/v2\/product_cat?post=17349"},{"taxonomy":"product_tag","embeddable":true,"href":"https:\/\/truffle.shop\/de\/wp-json\/wp\/v2\/product_tag?post=17349"}],"curies":[{"name":"wp","href":"https:\/\/api.w.org\/{rel}","templated":true}]}}