{"id":17333,"date":"2023-10-05T14:41:15","date_gmt":"2023-10-05T14:41:15","guid":{"rendered":"http:\/\/truffle.shop\/product\/trueffelhonig-130g\/"},"modified":"2024-04-08T13:03:29","modified_gmt":"2024-04-08T13:03:29","slug":"miele-al-tartufo-130g","status":"publish","type":"product","link":"https:\/\/truffle.shop\/de\/produkt\/miele-al-tartufo-130g\/","title":{"rendered":"Tr\u00fcffelhonig"},"content":{"rendered":"","protected":false},"excerpt":{"rendered":"<p><strong>Produktmerkmale<\/strong><br \/>\nProdukt aus Akazienhonig und St\u00fccken von wei\u00dfem Tr\u00fcffel (tuber albinum pico)<br \/>\n<strong>N\u00fctzliche Tipps<\/strong><br \/>\nDas Produkt sollte bei Raumtemperatur verzehrt werden.<br \/>\n<strong>Tipps f\u00fcr den Verbrauch<\/strong><br \/>\nHervorragend zu K\u00e4se zu genie\u00dfen, auch ideal zu Eis und Sahne<br \/>\n<strong>Mindesthaltbarkeit<\/strong><br \/>\n18 Monate ab dem Datum der Herstellung<br \/>\n<strong>Verf\u00fcgbarkeit<\/strong><br \/>\nImmer<br \/>\n<strong>Konservierungsmethoden<\/strong><br \/>\nNach dem \u00d6ffnen an einem trockenen Ort aufbewahren.<br \/>\n<strong>Format<\/strong><br \/>\n130GR<\/p>\n","protected":false},"featured_media":17881,"comment_status":"closed","ping_status":"closed","template":"","meta":[],"product_brand":[],"product_cat":[174],"product_tag":[],"class_list":{"0":"post-17333","1":"product","2":"type-product","3":"status-publish","4":"has-post-thumbnail","6":"product_cat-salz-und-honig","8":"first","9":"instock","10":"shipping-taxable","11":"purchasable","12":"product-type-simple"},"_links":{"self":[{"href":"https:\/\/truffle.shop\/de\/wp-json\/wp\/v2\/product\/17333","targetHints":{"allow":["GET"]}}],"collection":[{"href":"https:\/\/truffle.shop\/de\/wp-json\/wp\/v2\/product"}],"about":[{"href":"https:\/\/truffle.shop\/de\/wp-json\/wp\/v2\/types\/product"}],"replies":[{"embeddable":true,"href":"https:\/\/truffle.shop\/de\/wp-json\/wp\/v2\/comments?post=17333"}],"version-history":[{"count":1,"href":"https:\/\/truffle.shop\/de\/wp-json\/wp\/v2\/product\/17333\/revisions"}],"predecessor-version":[{"id":18113,"href":"https:\/\/truffle.shop\/de\/wp-json\/wp\/v2\/product\/17333\/revisions\/18113"}],"wp:featuredmedia":[{"embeddable":true,"href":"https:\/\/truffle.shop\/de\/wp-json\/wp\/v2\/media\/17881"}],"wp:attachment":[{"href":"https:\/\/truffle.shop\/de\/wp-json\/wp\/v2\/media?parent=17333"}],"wp:term":[{"taxonomy":"product_brand","embeddable":true,"href":"https:\/\/truffle.shop\/de\/wp-json\/wp\/v2\/product_brand?post=17333"},{"taxonomy":"product_cat","embeddable":true,"href":"https:\/\/truffle.shop\/de\/wp-json\/wp\/v2\/product_cat?post=17333"},{"taxonomy":"product_tag","embeddable":true,"href":"https:\/\/truffle.shop\/de\/wp-json\/wp\/v2\/product_tag?post=17333"}],"curies":[{"name":"wp","href":"https:\/\/api.w.org\/{rel}","templated":true}]}}