{"id":17332,"date":"2023-10-05T14:42:49","date_gmt":"2023-10-05T14:42:49","guid":{"rendered":"http:\/\/truffle.shop\/product\/salz-schwarzer-trueffel-130gr\/"},"modified":"2024-04-08T13:03:30","modified_gmt":"2024-04-08T13:03:30","slug":"verkauf-al-tartufo-nero-130gr","status":"publish","type":"product","link":"https:\/\/truffle.shop\/de\/produkt\/verkauf-al-tartufo-nero-130gr\/","title":{"rendered":"Salz Schwarzer Tr\u00fcffel"},"content":{"rendered":"","protected":false},"excerpt":{"rendered":"<p><strong>Produktmerkmale<\/strong><br \/>\nProdukt bestehend aus Meersalz und schwarzem Tr\u00fcffel.<br \/>\n<strong>N\u00fctzliche Tipps<\/strong><br \/>\nEr kann bei Zimmertemperatur verzehrt werden.<br \/>\n<strong>Tipps f\u00fcr den Verbrauch<\/strong><br \/>\nHervorragend geeignet zum W\u00fcrzen von Nudeln, Risotto, Fleisch, Eiern, K\u00e4se, Salaten, Kartoffeln, Eiern und Gem\u00fcse.<br \/>\n<strong>Mindesthaltbarkeit<\/strong><br \/>\n18 Monate ab dem Datum der Herstellung<br \/>\n<strong>Verf\u00fcgbarkeit<\/strong><br \/>\nImmer<br \/>\n<strong>Konservierungsmethoden<\/strong><br \/>\nNach dem \u00d6ffnen an einem trockenen Ort aufbewahren.<br \/>\n<strong>Format<\/strong><br \/>\n130GR<\/p>\n","protected":false},"featured_media":17850,"comment_status":"closed","ping_status":"closed","template":"","meta":[],"product_brand":[],"product_cat":[174],"product_tag":[],"class_list":{"0":"post-17332","1":"product","2":"type-product","3":"status-publish","4":"has-post-thumbnail","6":"product_cat-salz-und-honig","8":"first","9":"instock","10":"shipping-taxable","11":"purchasable","12":"product-type-simple"},"_links":{"self":[{"href":"https:\/\/truffle.shop\/de\/wp-json\/wp\/v2\/product\/17332","targetHints":{"allow":["GET"]}}],"collection":[{"href":"https:\/\/truffle.shop\/de\/wp-json\/wp\/v2\/product"}],"about":[{"href":"https:\/\/truffle.shop\/de\/wp-json\/wp\/v2\/types\/product"}],"replies":[{"embeddable":true,"href":"https:\/\/truffle.shop\/de\/wp-json\/wp\/v2\/comments?post=17332"}],"version-history":[{"count":1,"href":"https:\/\/truffle.shop\/de\/wp-json\/wp\/v2\/product\/17332\/revisions"}],"predecessor-version":[{"id":18122,"href":"https:\/\/truffle.shop\/de\/wp-json\/wp\/v2\/product\/17332\/revisions\/18122"}],"wp:featuredmedia":[{"embeddable":true,"href":"https:\/\/truffle.shop\/de\/wp-json\/wp\/v2\/media\/17850"}],"wp:attachment":[{"href":"https:\/\/truffle.shop\/de\/wp-json\/wp\/v2\/media?parent=17332"}],"wp:term":[{"taxonomy":"product_brand","embeddable":true,"href":"https:\/\/truffle.shop\/de\/wp-json\/wp\/v2\/product_brand?post=17332"},{"taxonomy":"product_cat","embeddable":true,"href":"https:\/\/truffle.shop\/de\/wp-json\/wp\/v2\/product_cat?post=17332"},{"taxonomy":"product_tag","embeddable":true,"href":"https:\/\/truffle.shop\/de\/wp-json\/wp\/v2\/product_tag?post=17332"}],"curies":[{"name":"wp","href":"https:\/\/api.w.org\/{rel}","templated":true}]}}