{"id":17324,"date":"2023-10-05T14:34:39","date_gmt":"2023-10-05T14:34:39","guid":{"rendered":"http:\/\/truffle.shop\/product\/carpaccio-aus-schwarzem-sommertrueffel-500gr\/"},"modified":"2024-04-08T13:00:50","modified_gmt":"2024-04-08T13:00:50","slug":"carpaccio-di-tartufo-nero-estivo-500gr","status":"publish","type":"product","link":"https:\/\/truffle.shop\/de\/produkt\/carpaccio-di-tartufo-nero-estivo-500gr\/","title":{"rendered":"Carpaccio aus schwarzem Sommertr\u00fcffel &#8211; 500GR"},"content":{"rendered":"","protected":false},"excerpt":{"rendered":"<p><strong>Produktmerkmale<\/strong><br \/>\nIn Scheiben geschnittene schwarze Tr\u00fcffel, eingelegt in nativem Oliven\u00f6l extra und Salz.<br \/>\n<strong>N\u00fctzliche Tipps<\/strong><br \/>\nGebrauchsfertiges Produkt f\u00fcr Geschirr, ohne zu kochen<br \/>\n<strong>Tipps f\u00fcr den Verbrauch<\/strong><br \/>\nGew\u00fcrz f\u00fcr Carpaccio aus Fleisch, erste G\u00e4nge pur oder mit Pilzsaucen, einfachen K\u00e4sesorten oder mit Honig.<br \/>\n<strong>Mindesthaltbarkeit<\/strong><br \/>\n24 Monate ab dem Datum der Herstellung<br \/>\n<strong>Verf\u00fcgbarkeit<\/strong><br \/>\nImmer<br \/>\n<strong>Konservierungsmethoden<\/strong><br \/>\nNach dem \u00d6ffnen des Glases mit \u00d6l bedecken und im K\u00fchlschrank f\u00fcr etwa 20 Tage aufbewahren.<\/p>\n","protected":false},"featured_media":17805,"comment_status":"closed","ping_status":"closed","template":"","meta":[],"product_brand":[],"product_cat":[171],"product_tag":[],"class_list":{"0":"post-17324","1":"product","2":"type-product","3":"status-publish","4":"has-post-thumbnail","6":"product_cat-im-ganzen-und-in-scheiben-geschnitten","8":"first","9":"instock","10":"shipping-taxable","11":"purchasable","12":"product-type-simple"},"_links":{"self":[{"href":"https:\/\/truffle.shop\/de\/wp-json\/wp\/v2\/product\/17324","targetHints":{"allow":["GET"]}}],"collection":[{"href":"https:\/\/truffle.shop\/de\/wp-json\/wp\/v2\/product"}],"about":[{"href":"https:\/\/truffle.shop\/de\/wp-json\/wp\/v2\/types\/product"}],"replies":[{"embeddable":true,"href":"https:\/\/truffle.shop\/de\/wp-json\/wp\/v2\/comments?post=17324"}],"version-history":[{"count":1,"href":"https:\/\/truffle.shop\/de\/wp-json\/wp\/v2\/product\/17324\/revisions"}],"predecessor-version":[{"id":18104,"href":"https:\/\/truffle.shop\/de\/wp-json\/wp\/v2\/product\/17324\/revisions\/18104"}],"wp:featuredmedia":[{"embeddable":true,"href":"https:\/\/truffle.shop\/de\/wp-json\/wp\/v2\/media\/17805"}],"wp:attachment":[{"href":"https:\/\/truffle.shop\/de\/wp-json\/wp\/v2\/media?parent=17324"}],"wp:term":[{"taxonomy":"product_brand","embeddable":true,"href":"https:\/\/truffle.shop\/de\/wp-json\/wp\/v2\/product_brand?post=17324"},{"taxonomy":"product_cat","embeddable":true,"href":"https:\/\/truffle.shop\/de\/wp-json\/wp\/v2\/product_cat?post=17324"},{"taxonomy":"product_tag","embeddable":true,"href":"https:\/\/truffle.shop\/de\/wp-json\/wp\/v2\/product_tag?post=17324"}],"curies":[{"name":"wp","href":"https:\/\/api.w.org\/{rel}","templated":true}]}}