{"id":17316,"date":"2023-10-05T14:35:25","date_gmt":"2023-10-05T14:35:25","guid":{"rendered":"http:\/\/truffle.shop\/product\/filetierte-sommertrueffel-in-olivenoel-500gr\/"},"modified":"2024-04-08T13:03:29","modified_gmt":"2024-04-08T13:03:29","slug":"tartufo-estivo-sfilettato-in-olio-di-oliva-500gr","status":"publish","type":"product","link":"https:\/\/truffle.shop\/de\/produkt\/tartufo-estivo-sfilettato-in-olio-di-oliva-500gr\/","title":{"rendered":"Filetierte Sommertr\u00fcffel in Oliven\u00f6l &#8211; 500GR"},"content":{"rendered":"","protected":false},"excerpt":{"rendered":"<p><strong>Produktmerkmale<\/strong><br \/>\nFiletierte schwarze Tr\u00fcffel, eingelegt in \u00d6l und Salz.<br \/>\n(Erh\u00e4ltlich in Erdnuss\u00f6l oder nativem Oliven\u00f6l extra):<br \/>\n<strong>N\u00fctzliche Tipps<\/strong><br \/>\nDas Produkt kann ohne Kochen auf dem Geschirr verwendet werden.<br \/>\n<strong>Tipps f\u00fcr den Verbrauch<\/strong><br \/>\nW\u00fcrzmittel f\u00fcr erste G\u00e4nge (Tagliatelle, Tortellini, Penne, Reis, Ravioli usw.), Carpaccio aus Fleisch und Fisch, Omeletts und Crostini.<br \/>\n<strong>Mindesthaltbarkeit in Monaten<\/strong><br \/>\n24 Monate<br \/>\n<strong>Verf\u00fcgbarkeit<\/strong><br \/>\nImmer<br \/>\n<strong>Konservierungsmethoden<\/strong><br \/>\nNach dem \u00d6ffnen des Glases mit \u00d6l bedecken und im K\u00fchlschrank f\u00fcr etwa 20 Tage aufbewahren.<\/p>\n","protected":false},"featured_media":17914,"comment_status":"closed","ping_status":"closed","template":"","meta":[],"product_brand":[],"product_cat":[171],"product_tag":[],"class_list":{"0":"post-17316","1":"product","2":"type-product","3":"status-publish","4":"has-post-thumbnail","6":"product_cat-im-ganzen-und-in-scheiben-geschnitten","8":"first","9":"instock","10":"shipping-taxable","11":"purchasable","12":"product-type-simple"},"_links":{"self":[{"href":"https:\/\/truffle.shop\/de\/wp-json\/wp\/v2\/product\/17316","targetHints":{"allow":["GET"]}}],"collection":[{"href":"https:\/\/truffle.shop\/de\/wp-json\/wp\/v2\/product"}],"about":[{"href":"https:\/\/truffle.shop\/de\/wp-json\/wp\/v2\/types\/product"}],"replies":[{"embeddable":true,"href":"https:\/\/truffle.shop\/de\/wp-json\/wp\/v2\/comments?post=17316"}],"version-history":[{"count":1,"href":"https:\/\/truffle.shop\/de\/wp-json\/wp\/v2\/product\/17316\/revisions"}],"predecessor-version":[{"id":18115,"href":"https:\/\/truffle.shop\/de\/wp-json\/wp\/v2\/product\/17316\/revisions\/18115"}],"wp:featuredmedia":[{"embeddable":true,"href":"https:\/\/truffle.shop\/de\/wp-json\/wp\/v2\/media\/17914"}],"wp:attachment":[{"href":"https:\/\/truffle.shop\/de\/wp-json\/wp\/v2\/media?parent=17316"}],"wp:term":[{"taxonomy":"product_brand","embeddable":true,"href":"https:\/\/truffle.shop\/de\/wp-json\/wp\/v2\/product_brand?post=17316"},{"taxonomy":"product_cat","embeddable":true,"href":"https:\/\/truffle.shop\/de\/wp-json\/wp\/v2\/product_cat?post=17316"},{"taxonomy":"product_tag","embeddable":true,"href":"https:\/\/truffle.shop\/de\/wp-json\/wp\/v2\/product_tag?post=17316"}],"curies":[{"name":"wp","href":"https:\/\/api.w.org\/{rel}","templated":true}]}}