{"id":17307,"date":"2023-10-05T14:36:42","date_gmt":"2023-10-05T14:36:42","guid":{"rendered":"http:\/\/truffle.shop\/product\/natives-olivenoel-extra-mit-weissem-trueffel-aromatisiert-250ml\/"},"modified":"2024-04-08T13:03:31","modified_gmt":"2024-04-08T13:03:31","slug":"olio-extravergine-aromatizzato-al-tartufo-bianco-250ml","status":"publish","type":"product","link":"https:\/\/truffle.shop\/de\/produkt\/olio-extravergine-aromatizzato-al-tartufo-bianco-250ml\/","title":{"rendered":"Natives Oliven\u00f6l extra mit wei\u00dfem Tr\u00fcffel aromatisiert &#8211; 250ML"},"content":{"rendered":"","protected":false},"excerpt":{"rendered":"<p><strong>Produktmerkmale<\/strong><br \/>\nAroma aus nativem Oliven\u00f6l extra, Aroma der wei\u00dfen Tr\u00fcffel<br \/>\n<strong>N\u00fctzliche Tipps<\/strong><br \/>\nDer Geschmack kann bei Zimmertemperatur verzehrt werden.<br \/>\n<strong>Tipps f\u00fcr den Verbrauch<\/strong><br \/>\nHervorragend geeignet f\u00fcr erste G\u00e4nge (Tagliatelle, Tortellini, Tortelloni, Crepes, Reis usw.), Schnitzel, warme Crostini, Canap\u00e9s und Bruschetta.<br \/>\n<strong>Mindesthaltbarkeit<\/strong><br \/>\n18 Monate ab dem Datum der Herstellung<br \/>\n<strong>Verf\u00fcgbarkeit<\/strong><br \/>\nImmer<br \/>\n<strong>Konservierungsmethoden<\/strong><br \/>\nNach dem \u00d6ffnen an einem trockenen Ort aufbewahren.<br \/>\n<strong>Format<\/strong><br \/>\n250ML<\/p>\n","protected":false},"featured_media":17887,"comment_status":"closed","ping_status":"closed","template":"","meta":[],"product_brand":[],"product_cat":[170],"product_tag":[],"class_list":{"0":"post-17307","1":"product","2":"type-product","3":"status-publish","4":"has-post-thumbnail","6":"product_cat-ol-und-butter","8":"first","9":"instock","10":"shipping-taxable","11":"purchasable","12":"product-type-simple"},"_links":{"self":[{"href":"https:\/\/truffle.shop\/de\/wp-json\/wp\/v2\/product\/17307","targetHints":{"allow":["GET"]}}],"collection":[{"href":"https:\/\/truffle.shop\/de\/wp-json\/wp\/v2\/product"}],"about":[{"href":"https:\/\/truffle.shop\/de\/wp-json\/wp\/v2\/types\/product"}],"replies":[{"embeddable":true,"href":"https:\/\/truffle.shop\/de\/wp-json\/wp\/v2\/comments?post=17307"}],"version-history":[{"count":1,"href":"https:\/\/truffle.shop\/de\/wp-json\/wp\/v2\/product\/17307\/revisions"}],"predecessor-version":[{"id":18124,"href":"https:\/\/truffle.shop\/de\/wp-json\/wp\/v2\/product\/17307\/revisions\/18124"}],"wp:featuredmedia":[{"embeddable":true,"href":"https:\/\/truffle.shop\/de\/wp-json\/wp\/v2\/media\/17887"}],"wp:attachment":[{"href":"https:\/\/truffle.shop\/de\/wp-json\/wp\/v2\/media?parent=17307"}],"wp:term":[{"taxonomy":"product_brand","embeddable":true,"href":"https:\/\/truffle.shop\/de\/wp-json\/wp\/v2\/product_brand?post=17307"},{"taxonomy":"product_cat","embeddable":true,"href":"https:\/\/truffle.shop\/de\/wp-json\/wp\/v2\/product_cat?post=17307"},{"taxonomy":"product_tag","embeddable":true,"href":"https:\/\/truffle.shop\/de\/wp-json\/wp\/v2\/product_tag?post=17307"}],"curies":[{"name":"wp","href":"https:\/\/api.w.org\/{rel}","templated":true}]}}