{"id":17301,"date":"2023-10-04T17:11:46","date_gmt":"2023-10-04T17:11:46","guid":{"rendered":"http:\/\/truffle.shop\/product\/trueffel-perlen-50gr\/"},"modified":"2023-10-04T17:11:46","modified_gmt":"2023-10-04T17:11:46","slug":"perle-al-tartufo","status":"publish","type":"product","link":"https:\/\/truffle.shop\/de\/produkt\/perle-al-tartufo\/","title":{"rendered":"Tr\u00fcffel-Perlen &#8211; 50gr"},"content":{"rendered":"","protected":false},"excerpt":{"rendered":"<p><strong>Produktmerkmale<\/strong><br \/>\nWeiche Perlen, die in ihrem Inneren den besten Tr\u00fcffelfruchtsaft enthalten. Perfekt f\u00fcr Risotto und erste G\u00e4nge, Fleisch und Braten, Fisch und Meeresfr\u00fcchte, reife K\u00e4sesorten<br \/>\n<strong>Inhaltsstoffe<\/strong><br \/>\nTr\u00fcffeldressing (konzentrierter wei\u00dfer Traubenmost, Wei\u00dfweinessig, Tr\u00fcffel (Tuber aestivum Vitt.) (1%), wei\u00dfes Tr\u00fcffelaroma), Wasser, Verdickungsmittel: Cellulosegummi; Geliermittel: Calciumchlorid, Natriumalginat; Konservierungsmittel: Kaliumsorbat. Enth\u00e4lt Sulfite. Nach dem \u00d6ffnen im K\u00fchlschrank aufbewahren<br \/>\n<strong>Mindesthaltbarkeit<\/strong><br \/>\n15 Monate ab dem Datum der Herstellung<br \/>\n<strong>Verf\u00fcgbarkeit<\/strong><br \/>\nImmer<\/p>\n","protected":false},"featured_media":17890,"comment_status":"closed","ping_status":"closed","template":"","meta":[],"product_brand":[],"product_cat":[166],"product_tag":[],"class_list":{"0":"post-17301","1":"product","2":"type-product","3":"status-publish","4":"has-post-thumbnail","6":"product_cat-truffel-saucen","8":"first","9":"instock","10":"shipping-taxable","11":"purchasable","12":"product-type-simple"},"_links":{"self":[{"href":"https:\/\/truffle.shop\/de\/wp-json\/wp\/v2\/product\/17301","targetHints":{"allow":["GET"]}}],"collection":[{"href":"https:\/\/truffle.shop\/de\/wp-json\/wp\/v2\/product"}],"about":[{"href":"https:\/\/truffle.shop\/de\/wp-json\/wp\/v2\/types\/product"}],"replies":[{"embeddable":true,"href":"https:\/\/truffle.shop\/de\/wp-json\/wp\/v2\/comments?post=17301"}],"version-history":[{"count":0,"href":"https:\/\/truffle.shop\/de\/wp-json\/wp\/v2\/product\/17301\/revisions"}],"wp:featuredmedia":[{"embeddable":true,"href":"https:\/\/truffle.shop\/de\/wp-json\/wp\/v2\/media\/17890"}],"wp:attachment":[{"href":"https:\/\/truffle.shop\/de\/wp-json\/wp\/v2\/media?parent=17301"}],"wp:term":[{"taxonomy":"product_brand","embeddable":true,"href":"https:\/\/truffle.shop\/de\/wp-json\/wp\/v2\/product_brand?post=17301"},{"taxonomy":"product_cat","embeddable":true,"href":"https:\/\/truffle.shop\/de\/wp-json\/wp\/v2\/product_cat?post=17301"},{"taxonomy":"product_tag","embeddable":true,"href":"https:\/\/truffle.shop\/de\/wp-json\/wp\/v2\/product_tag?post=17301"}],"curies":[{"name":"wp","href":"https:\/\/api.w.org\/{rel}","templated":true}]}}