{"id":17290,"date":"2023-10-04T17:44:30","date_gmt":"2023-10-04T17:44:30","guid":{"rendered":"http:\/\/truffle.shop\/product\/weisses-trueffel-pesto-500gr\/"},"modified":"2024-04-08T13:00:48","modified_gmt":"2024-04-08T13:00:48","slug":"pesto-al-tartufo-bianco-500gr","status":"publish","type":"product","link":"https:\/\/truffle.shop\/de\/produkt\/pesto-al-tartufo-bianco-500gr\/","title":{"rendered":"Wei\u00dfes Tr\u00fcffel-Pesto &#8211; 500GR"},"content":{"rendered":"","protected":false},"excerpt":{"rendered":"<p><strong>Produktmerkmale<\/strong><br \/>\nTr\u00fcffelpesto wird aus Champignonpilzen, Basilikum, Petersilie, Sellerie, Haseln\u00fcssen, wei\u00dfem Tr\u00fcffel (tuber albidum pico), Mandelmehl und Erdnuss\u00f6l hergestellt.<br \/>\n<strong>N\u00fctzliche Tipps<\/strong><br \/>\nTr\u00fcffelpesto kann sowohl bei Zimmertemperatur als auch nach dem Aufw\u00e4rmen verzehrt werden. Um es optimal zu nutzen, k\u00f6nnen Sie einfach natives Oliven- oder Erdnuss\u00f6l extra hinzuf\u00fcgen und einige Minuten lang erhitzen.<br \/>\n<strong>Tipps f\u00fcr den Verbrauch<\/strong><br \/>\nEr eignet sich hervorragend zum W\u00fcrzen von einfachen Nudelgerichten oder als F\u00fcllung f\u00fcr gef\u00fcllte Nudeln.<br \/>\n<strong>Mindesthaltbarkeit<\/strong><br \/>\n24 Monate ab dem Datum der Herstellung<br \/>\n<strong>Verf\u00fcgbarkeit<\/strong><br \/>\nImmer<br \/>\n<strong>Konservierungsmethoden<\/strong><br \/>\nNach dem \u00d6ffnen des Glases mit \u00d6l bedecken und im K\u00fchlschrank f\u00fcr etwa 20 Tage aufbewahren.<\/p>\n","protected":false},"featured_media":17893,"comment_status":"closed","ping_status":"closed","template":"","meta":[],"product_brand":[],"product_cat":[166],"product_tag":[],"class_list":{"0":"post-17290","1":"product","2":"type-product","3":"status-publish","4":"has-post-thumbnail","6":"product_cat-truffel-saucen","8":"first","9":"instock","10":"shipping-taxable","11":"purchasable","12":"product-type-simple"},"_links":{"self":[{"href":"https:\/\/truffle.shop\/de\/wp-json\/wp\/v2\/product\/17290","targetHints":{"allow":["GET"]}}],"collection":[{"href":"https:\/\/truffle.shop\/de\/wp-json\/wp\/v2\/product"}],"about":[{"href":"https:\/\/truffle.shop\/de\/wp-json\/wp\/v2\/types\/product"}],"replies":[{"embeddable":true,"href":"https:\/\/truffle.shop\/de\/wp-json\/wp\/v2\/comments?post=17290"}],"version-history":[{"count":1,"href":"https:\/\/truffle.shop\/de\/wp-json\/wp\/v2\/product\/17290\/revisions"}],"predecessor-version":[{"id":18100,"href":"https:\/\/truffle.shop\/de\/wp-json\/wp\/v2\/product\/17290\/revisions\/18100"}],"wp:featuredmedia":[{"embeddable":true,"href":"https:\/\/truffle.shop\/de\/wp-json\/wp\/v2\/media\/17893"}],"wp:attachment":[{"href":"https:\/\/truffle.shop\/de\/wp-json\/wp\/v2\/media?parent=17290"}],"wp:term":[{"taxonomy":"product_brand","embeddable":true,"href":"https:\/\/truffle.shop\/de\/wp-json\/wp\/v2\/product_brand?post=17290"},{"taxonomy":"product_cat","embeddable":true,"href":"https:\/\/truffle.shop\/de\/wp-json\/wp\/v2\/product_cat?post=17290"},{"taxonomy":"product_tag","embeddable":true,"href":"https:\/\/truffle.shop\/de\/wp-json\/wp\/v2\/product_tag?post=17290"}],"curies":[{"name":"wp","href":"https:\/\/api.w.org\/{rel}","templated":true}]}}