{"id":17284,"date":"2023-10-05T14:22:11","date_gmt":"2023-10-05T14:22:11","guid":{"rendered":"http:\/\/truffle.shop\/product\/pikante-trueffelsosse-mit-schwarzem-sommertrueffel-500gr\/"},"modified":"2024-04-08T13:00:50","modified_gmt":"2024-04-08T13:00:50","slug":"salsa-tartufata-piccante-al-tartufo-nero-estivo-500gr","status":"publish","type":"product","link":"https:\/\/truffle.shop\/de\/produkt\/salsa-tartufata-piccante-al-tartufo-nero-estivo-500gr\/","title":{"rendered":"Pikante Tr\u00fcffelso\u00dfe mit schwarzem Sommertr\u00fcffel"},"content":{"rendered":"","protected":false},"excerpt":{"rendered":"<p><strong>Produktmerkmale<\/strong><br \/>\nDie pikante Tr\u00fcffelsauce wird aus 5% gemahlener schwarzer Tr\u00fcffel (Tuber aestivum vitt.), Erdnuss\u00f6l, Champignons, Mandeln und Chilipfeffer hergestellt.<br \/>\n<strong>N\u00fctzliche Tipps<\/strong><br \/>\nPikanter Tr\u00fcffel kann sowohl bei Zimmertemperatur als auch nach dem Aufw\u00e4rmen verzehrt werden; am besten verwendet man ihn, wenn man nur natives Oliven- oder Erdnuss\u00f6l extra hinzuf\u00fcgt und ein paar Minuten lang erhitzt.<br \/>\n<strong>Tipps f\u00fcr den Verbrauch<\/strong><br \/>\nDer w\u00fcrzige Tr\u00fcffel eignet sich hervorragend als Brotaufstrich auf Bruschetta oder Crostini, aber auch als Beilage zu ersten G\u00e4ngen und Omeletts.<br \/>\n<strong>Mindesthaltbarkeit<\/strong><br \/>\n24 Monate ab dem Datum der Herstellung<br \/>\n<strong>Verf\u00fcgbarkeit<\/strong><br \/>\nImmer<br \/>\n<strong>Konservierungsmethoden<\/strong><br \/>\nNach dem \u00d6ffnen des Glases mit \u00d6l bedecken und im K\u00fchlschrank f\u00fcr etwa 20 Tage aufbewahren.<\/p>\n","protected":false},"featured_media":17932,"comment_status":"closed","ping_status":"closed","template":"","meta":[],"product_brand":[],"product_cat":[166],"product_tag":[],"class_list":{"0":"post-17284","1":"product","2":"type-product","3":"status-publish","4":"has-post-thumbnail","6":"product_cat-truffel-saucen","8":"first","9":"instock","10":"shipping-taxable","11":"purchasable","12":"product-type-simple"},"_links":{"self":[{"href":"https:\/\/truffle.shop\/de\/wp-json\/wp\/v2\/product\/17284","targetHints":{"allow":["GET"]}}],"collection":[{"href":"https:\/\/truffle.shop\/de\/wp-json\/wp\/v2\/product"}],"about":[{"href":"https:\/\/truffle.shop\/de\/wp-json\/wp\/v2\/types\/product"}],"replies":[{"embeddable":true,"href":"https:\/\/truffle.shop\/de\/wp-json\/wp\/v2\/comments?post=17284"}],"version-history":[{"count":1,"href":"https:\/\/truffle.shop\/de\/wp-json\/wp\/v2\/product\/17284\/revisions"}],"predecessor-version":[{"id":18105,"href":"https:\/\/truffle.shop\/de\/wp-json\/wp\/v2\/product\/17284\/revisions\/18105"}],"wp:featuredmedia":[{"embeddable":true,"href":"https:\/\/truffle.shop\/de\/wp-json\/wp\/v2\/media\/17932"}],"wp:attachment":[{"href":"https:\/\/truffle.shop\/de\/wp-json\/wp\/v2\/media?parent=17284"}],"wp:term":[{"taxonomy":"product_brand","embeddable":true,"href":"https:\/\/truffle.shop\/de\/wp-json\/wp\/v2\/product_brand?post=17284"},{"taxonomy":"product_cat","embeddable":true,"href":"https:\/\/truffle.shop\/de\/wp-json\/wp\/v2\/product_cat?post=17284"},{"taxonomy":"product_tag","embeddable":true,"href":"https:\/\/truffle.shop\/de\/wp-json\/wp\/v2\/product_tag?post=17284"}],"curies":[{"name":"wp","href":"https:\/\/api.w.org\/{rel}","templated":true}]}}