{"id":17780,"date":"2023-10-28T17:45:22","date_gmt":"2023-10-28T17:45:22","guid":{"rendered":"https:\/\/truffle.shop\/frische-trueffel\/"},"modified":"2023-11-09T23:22:36","modified_gmt":"2023-11-09T23:22:36","slug":"frische-trueffel","status":"publish","type":"page","link":"https:\/\/truffle.shop\/de\/frische-trueffel\/","title":{"rendered":"Frische Tr\u00fcffel"},"content":{"rendered":"\t\t<div data-elementor-type=\"wp-page\" data-elementor-id=\"17780\" class=\"elementor elementor-17780 elementor-17746\">\n\t\t\t\t<div class=\"elementor-element elementor-element-413fd52 e-con-full e-flex wd-section-disabled e-con e-parent\" data-id=\"413fd52\" data-element_type=\"container\" data-e-type=\"container\" data-settings=\"{&quot;background_background&quot;:&quot;classic&quot;}\">\n\t\t\t\t<div class=\"elementor-element elementor-element-af143d8 elementor-widget elementor-widget-slider_revolution\" data-id=\"af143d8\" data-element_type=\"widget\" data-e-type=\"widget\" data-widget_type=\"slider_revolution.default\">\n\t\t\t\t<div class=\"elementor-widget-container\">\n\t\t\t\t\t\n\t\t<div class=\"wp-block-themepunch-revslider\">\n\t\t\t<!-- START Video REVOLUTION SLIDER 6.6.18 --><p class=\"rs-p-wp-fix\"><\/p>\n\t\t\t<rs-module-wrap id=\"woodmart-video-layout_wrapper\" data-source=\"gallery\" style=\"visibility:hidden;background:#212121;padding:0;\">\n\t\t\t\t<rs-module id=\"woodmart-video-layout\" style=\"\" data-version=\"6.6.18\">\n\t\t\t\t\t<rs-slides style=\"overflow: hidden; position: absolute;\">\n\t\t\t\t\t\t<rs-slide style=\"position: absolute;\" data-key=\"rs-1\" data-title=\"Slide\" data-anim=\"ms:600;\" data-in=\"o:0;\" data-out=\"a:false;\">\n\t\t\t\t\t\t\t<img fetchpriority=\"high\" decoding=\"async\" src=\"\/\/truffle.shop\/wp-content\/plugins\/revslider\/public\/assets\/assets\/dummy.png\" alt=\"\" title=\"header_1.jpeg\" width=\"1280\" height=\"720\" class=\"rev-slidebg tp-rs-img rs-lazyload\" data-lazyload=\"\/\/truffle.shop\/wp-content\/uploads\/revslider\/video-media\/header_1.jpeg\" data-no-retina>\n\t\t\t\t\t\t\t<rs-bgvideo \n\t\t\t\t\t\t\t\tdata-video=\"w:100%;h:100%;sta:00:02;end:00:27;nse:false;l:loop;ptimer:true;vfc:true;\"\n\t\t\t\t\t\t\t\tdata-mp4=\"\/\/truffle.shop\/wp-content\/uploads\/2023\/10\/header.mp4\"\n\t\t\t\t\t\t\t><\/rs-bgvideo>\n<!--\n\t\t\t\t\t\t\t--><a\n\t\t\t\t\t\t\t\tid=\"slider-1-slide-1-layer-4\" \n\t\t\t\t\t\t\t\tclass=\"rs-layer rev-btn\"\n\t\t\t\t\t\t\t\thref=\"http:\/\/truffle.shop\/shop\/\" target=\"_self\"\n\t\t\t\t\t\t\t\tdata-type=\"button\"\n\t\t\t\t\t\t\t\tdata-rsp_ch=\"on\"\n\t\t\t\t\t\t\t\tdata-xy=\"x:c;xo:0,0,20px,-4px;y:t,t,t,b;yo:732px,671px,817px,-641px;\"\n\t\t\t\t\t\t\t\tdata-text=\"w:normal;s:25,22,21,17;l:59,52,51,46;fw:500;a:center;\"\n\t\t\t\t\t\t\t\tdata-dim=\"h:auto,auto,auto,100%;minh:0,none,none,none;\"\n\t\t\t\t\t\t\t\tdata-padding=\"r:37,33,33,28;l:37,33,33,28;\"\n\t\t\t\t\t\t\t\tdata-frame_1=\"st:770;sR:770;\"\n\t\t\t\t\t\t\t\tdata-frame_999=\"o:0;st:w;sR:7930;\"\n\t\t\t\t\t\t\t\tdata-frame_hover=\"bgc:rgba(0,0,0,0);boc:rgba(255,255,255,0.75);bor:25px,25px,25px,25px;bos:solid;bow:1px,1px,1px,1px;e:power1.inOut;\"\n\t\t\t\t\t\t\t\tstyle=\"z-index:6;background-color:rgba(0,0,0,0);font-family:'Roboto';\"\n\t\t\t\t\t\t\t>SHOP \n\t\t\t\t\t\t\t<\/a><!--\n-->\t\t\t\t\t\t<\/rs-slide>\n\t\t\t\t\t<\/rs-slides>\n\t\t\t\t<\/rs-module>\n\t\t\t\t<script>\n\t\t\t\t\tsetREVStartSize({c: 'woodmart-video-layout',rl:[1240,1024,778,480],el:[868,768,960,720],gw:[1140,1024,778,480],gh:[868,768,960,720],type:'hero',justify:'',layout:'fullscreen',offsetContainer:'',offset:'',mh:\"0\"});if (window.RS_MODULES!==undefined && window.RS_MODULES.modules!==undefined && window.RS_MODULES.modules[\"woodmartvideolayout\"]!==undefined) {window.RS_MODULES.modules[\"woodmartvideolayout\"].once = false;window.revapi1 = undefined;if (window.RS_MODULES.checkMinimal!==undefined) window.RS_MODULES.checkMinimal()}\n\t\t\t\t<\/script>\n\t\t\t<\/rs-module-wrap>\n\t\t\t<!-- END REVOLUTION SLIDER -->\n<\/div>\n\n\t\t\t\t\t\t<\/div>\n\t\t\t\t<\/div>\n\t\t\t\t<\/div>\n\t\t<div class=\"elementor-element elementor-element-e9082e6 e-flex e-con-boxed wd-section-disabled e-con e-parent\" data-id=\"e9082e6\" data-element_type=\"container\" data-e-type=\"container\">\n\t\t\t\t\t<div class=\"e-con-inner\">\n\t\t\t\t<div class=\"elementor-element elementor-element-fda4e35 elementor-widget elementor-widget-wd_text_block\" data-id=\"fda4e35\" data-element_type=\"widget\" data-e-type=\"widget\" data-widget_type=\"wd_text_block.default\">\n\t\t\t\t<div class=\"elementor-widget-container\">\n\t\t\t\t\t\t\t<div class=\"wd-text-block reset-last-child text-left\">\n\t\t\t\n\t\t\t\n\t\t\t\t\t<\/div>\n\t\t\t\t\t\t<\/div>\n\t\t\t\t<\/div>\n\t\t\t\t<div class=\"elementor-element elementor-element-4c230cd elementor-widget elementor-widget-wd_text_block\" data-id=\"4c230cd\" data-element_type=\"widget\" data-e-type=\"widget\" data-widget_type=\"wd_text_block.default\">\n\t\t\t\t<div class=\"elementor-widget-container\">\n\t\t\t\t\t\t\t<div class=\"wd-text-block reset-last-child text-center color-primary color-scheme-custom\">\n\t\t\t\n\t\t\t<p>Der Verkauf von frischen Tr\u00fcffeln<\/p>\n\t\t\t\t\t<\/div>\n\t\t\t\t\t\t<\/div>\n\t\t\t\t<\/div>\n\t\t\t\t\t<\/div>\n\t\t\t\t<\/div>\n\t\t<div class=\"elementor-element elementor-element-a6e7f7a e-flex e-con-boxed wd-section-disabled e-con e-parent\" data-id=\"a6e7f7a\" data-element_type=\"container\" data-e-type=\"container\">\n\t\t\t\t\t<div class=\"e-con-inner\">\n\t\t\t\t<div class=\"elementor-element elementor-element-5712bfa elementor-widget__width-inherit elementor-widget elementor-widget-wd_title\" data-id=\"5712bfa\" data-element_type=\"widget\" data-e-type=\"widget\" data-widget_type=\"wd_title.default\">\n\t\t\t\t<div class=\"elementor-widget-container\">\n\t\t\t\t\t\t\t<div class=\"title-wrapper set-mb-s reset-last-child wd-title-color-default wd-title-style-default wd-title-size-default text-center\">\n\n\t\t\t\n\t\t\t<div class=\"liner-continer\">\n\t\t\t\t<h4 class=\"woodmart-title-container title wd-fontsize-l\"><\/h4> \n\t\t\t\t\t\t\t<\/div>\n\n\t\t\t\t\t\t\t<div class=\"title-after_title set-cont-mb-s reset-last-child wd-fontsize-xs\">\n\t\t\t\t\t<p><span style=\"text-decoration: underline\"><strong><strong>Der Verkauf von frischen Tr\u00fcffeln<\/strong><\/strong><\/span><br>Der Preis der Tr\u00fcffel variiert t\u00e4glich und h\u00e4ngt vom Kaliber ab. Aus diesem Grund ist es uns nicht m\u00f6glich, einen Preis f\u00fcr die Tr\u00fcffel festzulegen: der Preis wird auf der Grundlage Ihrer Bed\u00fcrfnisse und der Verf\u00fcgbarkeit des Produkts auf dem Markt formuliert.<\/p><p>Wir kaufen jeden Abend und jeden Morgen Tr\u00fcffel von unseren vertrauensw\u00fcrdigen J\u00e4gern. Die Tr\u00fcffel werden einzeln kontrolliert, geb\u00fcrstet und dann nach Gr\u00f6\u00dfe und Qualit\u00e4t klassifiziert. Die wertvolle Knolle wird in Styroporboxen verpackt, die f\u00fcr den Transport mit Kunsteis geeignet sind. Die Tr\u00fcffel werden sorgf\u00e4ltig arrangiert und k\u00fchl gehalten, damit sie unter den besten Bedingungen auf Ihren Tischen ankommen. Die Lieferung erfolgt per Express-Kurier in ganz Europa innerhalb von 24 Stunden.<br>F\u00fcr Informationen \u00fcber Preise und Verf\u00fcgbarkeit, senden Sie uns eine Nachricht <span class=\"list-content\">+41767677595<\/span><\/p><p><strong><span style=\"text-decoration: underline\">Die wichtigsten Tr\u00fcffelarten und Erntezeiten<\/span><\/strong><br><strong>Wei\u00dfe Tr\u00fcffel:<\/strong><br>Gesch\u00e4tzte wei\u00dfe Tr\u00fcffel (Tuber magnatum pico), Erntezeit vom 1. Oktober bis 31. Dezember;<br>Bianchetto- oder Marzuolo-Tr\u00fcffel (Tuber borchii Vitt.), vom 15. Januar bis 30. April;<br><strong>Schwarzer Tr\u00fcffel:<\/strong><br>Schwarze Wintertr\u00fcffel (Tuber melanosporum), vom 15. November bis 15. M\u00e4rz;<br>Schwarze Sommertr\u00fcffel oder Scorzone (tuber aestivum vitt.), vom 1. Mai bis 30. November;<br>Hakentr\u00fcffel (Tuber uncinatum), von Mitte September bis 31. Dezember.<\/p><p><span style=\"text-decoration: underline\"><strong>Lagerung von frischen Tr\u00fcffeln<\/strong><\/span><br>Sowohl die Wei\u00dfe Tr\u00fcffel als auch die Schwarze Tr\u00fcffel k\u00f6nnen im K\u00fchlschrank an einem m\u00f6glichst kalten Ort aufbewahrt werden, wobei sie einzeln in saugf\u00e4higes Papier eingewickelt und in einem luftdicht verschlossenen Lebensmittelbeh\u00e4lter aufbewahrt werden; das Papier muss gegebenenfalls sogar t\u00e4glich erneuert werden.<br>Lagerzeit f\u00fcr schwarze Tr\u00fcffel: etwa 5 bis 15 Tage, f\u00fcr wei\u00dfe Tr\u00fcffel etwa 4-5 Tage.<br>Die wei\u00dfe Tr\u00fcffel darf auf keinen Fall eingefroren werden, w\u00e4hrend die schwarze Tr\u00fcffel einzeln in einem Glasbeh\u00e4lter, in nativem Oliven\u00f6l extra oder in Butter eingefroren werden kann. Die Lagerzeit betr\u00e4gt je nach Technik zwischen 5 und 6 Monaten.<\/p>\t\t\t\t<\/div>\n\t\t\t\t\t<\/div>\n\t\t\t\t\t\t<\/div>\n\t\t\t\t<\/div>\n\t\t\t\t\t<\/div>\n\t\t\t\t<\/div>\n\t\t<div class=\"elementor-element elementor-element-2a0aa3f e-flex e-con-boxed wd-section-disabled e-con e-parent\" data-id=\"2a0aa3f\" data-element_type=\"container\" data-e-type=\"container\">\n\t\t\t\t\t<div class=\"e-con-inner\">\n\t\t\t\t<div class=\"elementor-element elementor-element-463fc20 elementor-widget elementor-widget-wd_images_gallery\" data-id=\"463fc20\" data-element_type=\"widget\" data-e-type=\"widget\" data-widget_type=\"wd_images_gallery.default\">\n\t\t\t\t<div class=\"elementor-widget-container\">\n\t\t\t\t\t\t\t<div class=\"wd-images-gallery wd-justify-center wd-items-middle view-grid photoswipe-images\" >\n\t\t\t<div class=\"gallery-images row wd-spacing-0\">\n\t\t\t\t\t\t\t\t\t\t\t\t\t\t<div class=\"wd-gallery-item  col-lg-4 col-md-4 col-12\">\n\t\t\t\t\t\t\t\t\t\t\t\t\t<a  href=\"https:\/\/truffle.shop\/wp-content\/uploads\/2023\/10\/22222222222.webp\"data-width=\"1428\" data-height=\"952\" data-index=\"1\" data-elementor-open-lightbox=\"no\">\n\t\t\t\t\t\t\n\t\t\t\t\t\t<img decoding=\"async\" src=\"https:\/\/truffle.shop\/wp-content\/uploads\/2023\/10\/22222222222-1200x800.webp\"alt=\"22222222222\">\n\t\t\t\t\t\t\t\t\t\t\t\t\t<\/a>\n\t\t\t\t\t\t\t\t\t\t\t<\/div>\n\t\t\t\t\t\t\t\t\t\t\t\t\t\t\t<div class=\"wd-gallery-item  col-lg-4 col-md-4 col-12\">\n\t\t\t\t\t\t\t\t\t\t\t\t\t<a  href=\"https:\/\/truffle.shop\/wp-content\/uploads\/2023\/10\/cxvxszcvxszcv.webp\"data-width=\"1428\" data-height=\"952\" data-index=\"2\" data-elementor-open-lightbox=\"no\">\n\t\t\t\t\t\t\n\t\t\t\t\t\t<img decoding=\"async\" src=\"https:\/\/truffle.shop\/wp-content\/uploads\/2023\/10\/cxvxszcvxszcv-1200x800.webp\"alt=\"cxvxszcvxszcv\">\n\t\t\t\t\t\t\t\t\t\t\t\t\t<\/a>\n\t\t\t\t\t\t\t\t\t\t\t<\/div>\n\t\t\t\t\t\t\t\t\t\t\t\t\t\t\t<div class=\"wd-gallery-item  col-lg-4 col-md-4 col-12\">\n\t\t\t\t\t\t\t\t\t\t\t\t\t<a  href=\"https:\/\/truffle.shop\/wp-content\/uploads\/2023\/10\/cxxcvxcvscvxs.webp\"data-width=\"1428\" data-height=\"952\" data-index=\"3\" data-elementor-open-lightbox=\"no\">\n\t\t\t\t\t\t\n\t\t\t\t\t\t<img decoding=\"async\" src=\"https:\/\/truffle.shop\/wp-content\/uploads\/2023\/10\/cxxcvxcvscvxs-1200x800.webp\"alt=\"cxxcvxcvscvxs\">\n\t\t\t\t\t\t\t\t\t\t\t\t\t<\/a>\n\t\t\t\t\t\t\t\t\t\t\t<\/div>\n\t\t\t\t\t\t\t\t\t\t\t\t\t\t\t<div class=\"wd-gallery-item  col-lg-4 col-md-4 col-12\">\n\t\t\t\t\t\t\t\t\t\t\t\t\t<a  href=\"https:\/\/truffle.shop\/wp-content\/uploads\/2023\/10\/sapic1.webp\"data-width=\"1428\" data-height=\"952\" data-index=\"4\" data-elementor-open-lightbox=\"no\">\n\t\t\t\t\t\t\n\t\t\t\t\t\t<img decoding=\"async\" src=\"https:\/\/truffle.shop\/wp-content\/uploads\/2023\/10\/sapic1-1200x800.webp\"alt=\"sapic1\">\n\t\t\t\t\t\t\t\t\t\t\t\t\t<\/a>\n\t\t\t\t\t\t\t\t\t\t\t<\/div>\n\t\t\t\t\t\t\t\t\t\t\t\t\t\t\t<div class=\"wd-gallery-item  col-lg-4 col-md-4 col-12\">\n\t\t\t\t\t\t\t\t\t\t\t\t\t<a  href=\"https:\/\/truffle.shop\/wp-content\/uploads\/2023\/10\/scsacxsxcxsc.webp\"data-width=\"1428\" data-height=\"952\" data-index=\"5\" data-elementor-open-lightbox=\"no\">\n\t\t\t\t\t\t\n\t\t\t\t\t\t<img decoding=\"async\" src=\"https:\/\/truffle.shop\/wp-content\/uploads\/2023\/10\/scsacxsxcxsc-1200x800.webp\"alt=\"scsacxsxcxsc\">\n\t\t\t\t\t\t\t\t\t\t\t\t\t<\/a>\n\t\t\t\t\t\t\t\t\t\t\t<\/div>\n\t\t\t\t\t\t\t\t\t\t\t\t\t\t\t<div class=\"wd-gallery-item  col-lg-4 col-md-4 col-12\">\n\t\t\t\t\t\t\t\t\t\t\t\t\t<a  href=\"https:\/\/truffle.shop\/wp-content\/uploads\/2023\/10\/sxzcvxsxcvxsxcvxscv.webp\"data-width=\"1428\" data-height=\"952\" data-index=\"6\" data-elementor-open-lightbox=\"no\">\n\t\t\t\t\t\t\n\t\t\t\t\t\t<img decoding=\"async\" src=\"https:\/\/truffle.shop\/wp-content\/uploads\/2023\/10\/sxzcvxsxcvxsxcvxscv-1200x800.webp\"alt=\"sxzcvxsxcvxsxcvxscv\">\n\t\t\t\t\t\t\t\t\t\t\t\t\t<\/a>\n\t\t\t\t\t\t\t\t\t\t\t<\/div>\n\t\t\t\t\t\t\t\t\t\t\t\t\t\t\t<div class=\"wd-gallery-item  col-lg-4 col-md-4 col-12\">\n\t\t\t\t\t\t\t\t\t\t\t\t\t<a  href=\"https:\/\/truffle.shop\/wp-content\/uploads\/2023\/10\/xscvxdscvxsdcv.webp\"data-width=\"1428\" data-height=\"952\" data-index=\"7\" data-elementor-open-lightbox=\"no\">\n\t\t\t\t\t\t\n\t\t\t\t\t\t<img decoding=\"async\" src=\"https:\/\/truffle.shop\/wp-content\/uploads\/2023\/10\/xscvxdscvxsdcv-1200x800.webp\"alt=\"xscvxdscvxsdcv\">\n\t\t\t\t\t\t\t\t\t\t\t\t\t<\/a>\n\t\t\t\t\t\t\t\t\t\t\t<\/div>\n\t\t\t\t\t\t\t\t\t\t\t\t\t\t\t<div class=\"wd-gallery-item  col-lg-4 col-md-4 col-12\">\n\t\t\t\t\t\t\t\t\t\t\t\t\t<a  href=\"https:\/\/truffle.shop\/wp-content\/uploads\/2023\/10\/xzczazxaxzax.webp\"data-width=\"1428\" data-height=\"952\" data-index=\"8\" data-elementor-open-lightbox=\"no\">\n\t\t\t\t\t\t\n\t\t\t\t\t\t<img decoding=\"async\" src=\"https:\/\/truffle.shop\/wp-content\/uploads\/2023\/10\/xzczazxaxzax-1200x800.webp\"alt=\"xzczazxaxzax\">\n\t\t\t\t\t\t\t\t\t\t\t\t\t<\/a>\n\t\t\t\t\t\t\t\t\t\t\t<\/div>\n\t\t\t\t\t\t\t\t\t\t\t\t\t\t\t<div class=\"wd-gallery-item  col-lg-4 col-md-4 col-12\">\n\t\t\t\t\t\t\t\t\t\t\t\t\t<a  href=\"https:\/\/truffle.shop\/wp-content\/uploads\/2023\/10\/2222222.webp\"data-width=\"1428\" data-height=\"952\" data-index=\"9\" data-elementor-open-lightbox=\"no\">\n\t\t\t\t\t\t\n\t\t\t\t\t\t<img decoding=\"async\" src=\"https:\/\/truffle.shop\/wp-content\/uploads\/2023\/10\/2222222-1200x800.webp\"alt=\"2222222\">\n\t\t\t\t\t\t\t\t\t\t\t\t\t<\/a>\n\t\t\t\t\t\t\t\t\t\t\t<\/div>\n\t\t\t\t\t\t\t\t\t\t\t\t\t\t\t<div class=\"wd-gallery-item  col-lg-4 col-md-4 col-12\">\n\t\t\t\t\t\t\t\t\t\t\t\t\t<a  href=\"https:\/\/truffle.shop\/wp-content\/uploads\/2023\/10\/111111111111.webp\"data-width=\"1428\" data-height=\"952\" data-index=\"10\" data-elementor-open-lightbox=\"no\">\n\t\t\t\t\t\t\n\t\t\t\t\t\t<img decoding=\"async\" src=\"https:\/\/truffle.shop\/wp-content\/uploads\/2023\/10\/111111111111-1200x800.webp\"alt=\"111111111111\">\n\t\t\t\t\t\t\t\t\t\t\t\t\t<\/a>\n\t\t\t\t\t\t\t\t\t\t\t<\/div>\n\t\t\t\t\t\t\t\t\t\t\t\t\t\t\t<div class=\"wd-gallery-item  col-lg-4 col-md-4 col-12\">\n\t\t\t\t\t\t\t\t\t\t\t\t\t<a  href=\"https:\/\/truffle.shop\/wp-content\/uploads\/2023\/10\/cvxdsxdcvxdscvcvsdx.webp\"data-width=\"1428\" data-height=\"952\" data-index=\"11\" data-elementor-open-lightbox=\"no\">\n\t\t\t\t\t\t\n\t\t\t\t\t\t<img decoding=\"async\" src=\"https:\/\/truffle.shop\/wp-content\/uploads\/2023\/10\/cvxdsxdcvxdscvcvsdx-1200x800.webp\"alt=\"cvxdsxdcvxdscvcvsdx\">\n\t\t\t\t\t\t\t\t\t\t\t\t\t<\/a>\n\t\t\t\t\t\t\t\t\t\t\t<\/div>\n\t\t\t\t\t\t\t\t\t\t\t\t\t\t\t<div class=\"wd-gallery-item  col-lg-4 col-md-4 col-12\">\n\t\t\t\t\t\t\t\t\t\t\t\t\t<a  href=\"https:\/\/truffle.shop\/wp-content\/uploads\/2023\/10\/opaaaaaa2.webp\"data-width=\"1428\" data-height=\"952\" data-index=\"12\" data-elementor-open-lightbox=\"no\">\n\t\t\t\t\t\t\n\t\t\t\t\t\t<img decoding=\"async\" src=\"https:\/\/truffle.shop\/wp-content\/uploads\/2023\/10\/opaaaaaa2-1200x800.webp\"alt=\"opaaaaaa2\">\n\t\t\t\t\t\t\t\t\t\t\t\t\t<\/a>\n\t\t\t\t\t\t\t\t\t\t\t<\/div>\n\t\t\t\t\t\t\t\t\t\t\t\t\t\t\t<div class=\"wd-gallery-item  col-lg-4 col-md-4 col-12\">\n\t\t\t\t\t\t\t\t\t\t\t\t\t<a  href=\"https:\/\/truffle.shop\/wp-content\/uploads\/2023\/10\/scvsddcvsddcv.webp\"data-width=\"1428\" data-height=\"952\" data-index=\"13\" data-elementor-open-lightbox=\"no\">\n\t\t\t\t\t\t\n\t\t\t\t\t\t<img decoding=\"async\" src=\"https:\/\/truffle.shop\/wp-content\/uploads\/2023\/10\/scvsddcvsddcv-1200x800.webp\"alt=\"scvsddcvsddcv\">\n\t\t\t\t\t\t\t\t\t\t\t\t\t<\/a>\n\t\t\t\t\t\t\t\t\t\t\t<\/div>\n\t\t\t\t\t\t\t\t\t\t\t\t\t\t\t<div class=\"wd-gallery-item  col-lg-4 col-md-4 col-12\">\n\t\t\t\t\t\t\t\t\t\t\t\t\t<a  href=\"https:\/\/truffle.shop\/wp-content\/uploads\/2023\/10\/sxdcvxdsdcvxsdcv.webp\"data-width=\"1428\" data-height=\"952\" data-index=\"14\" data-elementor-open-lightbox=\"no\">\n\t\t\t\t\t\t\n\t\t\t\t\t\t<img decoding=\"async\" src=\"https:\/\/truffle.shop\/wp-content\/uploads\/2023\/10\/sxdcvxdsdcvxsdcv-1200x800.webp\"alt=\"sxdcvxdsdcvxsdcv\">\n\t\t\t\t\t\t\t\t\t\t\t\t\t<\/a>\n\t\t\t\t\t\t\t\t\t\t\t<\/div>\n\t\t\t\t\t\t\t\t\t\t\t\t\t\t\t<div class=\"wd-gallery-item  col-lg-4 col-md-4 col-12\">\n\t\t\t\t\t\t\t\t\t\t\t\t\t<a  href=\"https:\/\/truffle.shop\/wp-content\/uploads\/2023\/10\/xcvxsxcvxscv.webp\"data-width=\"1428\" data-height=\"952\" data-index=\"15\" data-elementor-open-lightbox=\"no\">\n\t\t\t\t\t\t\n\t\t\t\t\t\t<img decoding=\"async\" src=\"https:\/\/truffle.shop\/wp-content\/uploads\/2023\/10\/xcvxsxcvxscv-1200x800.webp\"alt=\"xcvxsxcvxscv\">\n\t\t\t\t\t\t\t\t\t\t\t\t\t<\/a>\n\t\t\t\t\t\t\t\t\t\t\t<\/div>\n\t\t\t\t\t\t\t\t\t\t\t\t\t\t\t<div class=\"wd-gallery-item  col-lg-4 col-md-4 col-12\">\n\t\t\t\t\t\t\t\t\t\t\t\t\t<a  href=\"https:\/\/truffle.shop\/wp-content\/uploads\/2023\/10\/xzscxszcxszxc.webp\"data-width=\"1428\" data-height=\"952\" data-index=\"16\" data-elementor-open-lightbox=\"no\">\n\t\t\t\t\t\t\n\t\t\t\t\t\t<img decoding=\"async\" src=\"https:\/\/truffle.shop\/wp-content\/uploads\/2023\/10\/xzscxszcxszxc-1200x800.webp\"alt=\"xzscxszcxszxc\">\n\t\t\t\t\t\t\t\t\t\t\t\t\t<\/a>\n\t\t\t\t\t\t\t\t\t\t\t<\/div>\n\t\t\t\t\t\t\t\t\t\t\t\t\t\t\t<div class=\"wd-gallery-item  col-lg-4 col-md-4 col-12\">\n\t\t\t\t\t\t\t\t\t\t\t\t\t<a  href=\"https:\/\/truffle.shop\/wp-content\/uploads\/2023\/10\/zxcxzsaxcxzxc.webp\"data-width=\"1428\" data-height=\"952\" data-index=\"17\" data-elementor-open-lightbox=\"no\">\n\t\t\t\t\t\t\n\t\t\t\t\t\t<img decoding=\"async\" src=\"https:\/\/truffle.shop\/wp-content\/uploads\/2023\/10\/zxcxzsaxcxzxc-1200x800.webp\"alt=\"zxcxzsaxcxzxc\">\n\t\t\t\t\t\t\t\t\t\t\t\t\t<\/a>\n\t\t\t\t\t\t\t\t\t\t\t<\/div>\n\t\t\t\t\t\t\t\t\t\t\t\t\t\t\t<div class=\"wd-gallery-item  col-lg-4 col-md-4 col-12\">\n\t\t\t\t\t\t\t\t\t\t\t\t\t<a  href=\"https:\/\/truffle.shop\/wp-content\/uploads\/2023\/10\/zxczsaxcxzsasxcxzsaxcxzsaxc.webp\"data-width=\"1428\" data-height=\"952\" data-index=\"18\" data-elementor-open-lightbox=\"no\">\n\t\t\t\t\t\t\n\t\t\t\t\t\t<img decoding=\"async\" src=\"https:\/\/truffle.shop\/wp-content\/uploads\/2023\/10\/zxczsaxcxzsasxcxzsaxcxzsaxc-1200x800.webp\"alt=\"zxczsaxcxzsasxcxzsaxcxzsaxc\">\n\t\t\t\t\t\t\t\t\t\t\t\t\t<\/a>\n\t\t\t\t\t\t\t\t\t\t\t<\/div>\n\t\t\t\t\t\t\t\t<\/div>\n\t\t<\/div>\n\t\t\t\t\t\t<\/div>\n\t\t\t\t<\/div>\n\t\t\t\t\t<\/div>\n\t\t\t\t<\/div>\n\t\t\t\t<\/div>\n\t\t","protected":false},"excerpt":{"rendered":"<p>Der Verkauf von frischen Tr\u00fcffeln Der Verkauf von frischen Tr\u00fcffelnDer Preis der Tr\u00fcffel variiert t\u00e4glich und h\u00e4ngt vom Kaliber ab.<\/p>\n","protected":false},"author":1,"featured_media":0,"parent":0,"menu_order":0,"comment_status":"closed","ping_status":"closed","template":"","meta":{"footnotes":""},"class_list":["post-17780","page","type-page","status-publish","hentry"],"_links":{"self":[{"href":"https:\/\/truffle.shop\/de\/wp-json\/wp\/v2\/pages\/17780","targetHints":{"allow":["GET"]}}],"collection":[{"href":"https:\/\/truffle.shop\/de\/wp-json\/wp\/v2\/pages"}],"about":[{"href":"https:\/\/truffle.shop\/de\/wp-json\/wp\/v2\/types\/page"}],"author":[{"embeddable":true,"href":"https:\/\/truffle.shop\/de\/wp-json\/wp\/v2\/users\/1"}],"replies":[{"embeddable":true,"href":"https:\/\/truffle.shop\/de\/wp-json\/wp\/v2\/comments?post=17780"}],"version-history":[{"count":1,"href":"https:\/\/truffle.shop\/de\/wp-json\/wp\/v2\/pages\/17780\/revisions"}],"predecessor-version":[{"id":17781,"href":"https:\/\/truffle.shop\/de\/wp-json\/wp\/v2\/pages\/17780\/revisions\/17781"}],"wp:attachment":[{"href":"https:\/\/truffle.shop\/de\/wp-json\/wp\/v2\/media?parent=17780"}],"curies":[{"name":"wp","href":"https:\/\/api.w.org\/{rel}","templated":true}]}}